{"id":82,"date":"2015-11-24T09:33:59","date_gmt":"2015-11-24T09:33:59","guid":{"rendered":"http:\/\/themes.muffingroup.com\/be\/hotel2\/?page_id=2"},"modified":"2025-03-03T10:18:54","modified_gmt":"2025-03-03T09:18:54","slug":"home","status":"publish","type":"page","link":"https:\/\/armonia-ewa.com\/pl\/","title":{"rendered":"Strona g\u0142\u00f3wna"},"content":{"rendered":"","protected":false},"excerpt":{"rendered":"","protected":false},"author":1,"featured_media":0,"parent":0,"menu_order":0,"comment_status":"open","ping_status":"open","template":"","meta":[],"yoast_head":"<!-- This site is optimized with the Yoast SEO plugin v16.7 - https:\/\/yoast.com\/wordpress\/plugins\/seo\/ -->\n<title>Strona g\u0142\u00f3wna - Armonia Apartments - Ewa, Nikos Christopoulos - Drepano-Plaka, Tolo, Grecja, Greece<\/title>\n<meta name=\"description\" content=\"[:pl]Armonia Apartments: Ewa, Nikos Christopoulos; Drepano-Plaka; Apartamenty w Grecji, 20 m od morza, bezpo\u015brednio od w\u0142a\u015bcicieli - ma\u0142\u017ce\u0144stwo polsko-greckie, po\u0142o\u017cone w\u015br\u00f3d zieleni i ciszy[:en]We offer you three luxurious apartments ARMONIA. They are situated on Peloponnese Penissula, Argolida, in Drepano-Plaka village. 20 meters far from the sea.[:el]\u0394\u03b9\u03b1\u03ba\u03bf\u03c0\u03ad\u03c2 \u03c3\u03c4\u03b7\u03bd \u0395\u03bb\u03bb\u03ac\u03b4\u03b1, \u0394\u03b9\u03b1\u03ba\u03bf\u03c0\u03ad\u03c2 \u03c3\u03c4\u03b7\u03bd \u03a0\u03b5\u03bb\u03bf\u03c0\u03cc\u03bd\u03bd\u03b7\u03c3\u03bf, \u03c0\u03b1\u03c1\u03b1\u03b8\u03b1\u03bb\u03ac\u03c3\u03c3\u03b9\u03b1 \u03b4\u03b9\u03b1\u03bc\u03b5\u03c1\u03af\u03c3\u03bc\u03b1\u03c4\u03b1, \u03b4\u03b9\u03b1\u03ba\u03bf\u03c0\u03ad\u03c2, \u03ba\u03b1\u03c4\u03ac\u03bb\u03c5\u03bc\u03b1, \u03b4\u03c9\u03bc\u03ac\u03c4\u03b9\u03b1, \u03ba\u03b1\u03c4\u03b1\u03bb\u03cd\u03bc\u03b1\u03c4\u03b1, \u0395\u03bb\u03bb\u03ac\u03b4\u03b1, \u0391\u03b8\u03ae\u03bd\u03b1, \u03a4\u03bf\u03bb\u03cc, \u039d\u03b1\u03cd\u03c0\u03bb\u03b9\u03bf, \u0394\u03c1\u03ad\u03c0\u03b1\u03bd\u03bf, \u0391\u03c1\u03b3\u03bf\u03bb\u03af\u03b4\u03b1[:]\" \/>\n<meta name=\"robots\" content=\"index, follow, max-snippet:-1, max-image-preview:large, max-video-preview:-1\" \/>\n<link rel=\"canonical\" href=\"https:\/\/armonia-ewa.com\/\" \/>\n<meta property=\"og:locale\" content=\"pl_PL\" \/>\n<meta property=\"og:type\" content=\"article\" \/>\n<meta property=\"og:title\" content=\"[:pl]Strona g\u0142\u00f3wna[:en]Home[:el]Home[:] - Armonia Apartments - Ewa, Nikos Christopoulos - Drepano-Plaka, Tolo, Grecja, Greece\" \/>\n<meta property=\"og:description\" content=\"[:pl]Armonia Apartments: Ewa, Nikos Christopoulos; Drepano-Plaka; Apartamenty w Grecji, 20 m od morza, bezpo\u015brednio od w\u0142a\u015bcicieli - ma\u0142\u017ce\u0144stwo polsko-greckie, po\u0142o\u017cone w\u015br\u00f3d zieleni i ciszy[:en]We offer you three luxurious apartments ARMONIA. They are situated on Peloponnese Penissula, Argolida, in Drepano-Plaka village. 20 meters far from the sea.[:el]\u0394\u03b9\u03b1\u03ba\u03bf\u03c0\u03ad\u03c2 \u03c3\u03c4\u03b7\u03bd \u0395\u03bb\u03bb\u03ac\u03b4\u03b1, \u0394\u03b9\u03b1\u03ba\u03bf\u03c0\u03ad\u03c2 \u03c3\u03c4\u03b7\u03bd \u03a0\u03b5\u03bb\u03bf\u03c0\u03cc\u03bd\u03bd\u03b7\u03c3\u03bf, \u03c0\u03b1\u03c1\u03b1\u03b8\u03b1\u03bb\u03ac\u03c3\u03c3\u03b9\u03b1 \u03b4\u03b9\u03b1\u03bc\u03b5\u03c1\u03af\u03c3\u03bc\u03b1\u03c4\u03b1, \u03b4\u03b9\u03b1\u03ba\u03bf\u03c0\u03ad\u03c2, \u03ba\u03b1\u03c4\u03ac\u03bb\u03c5\u03bc\u03b1, \u03b4\u03c9\u03bc\u03ac\u03c4\u03b9\u03b1, \u03ba\u03b1\u03c4\u03b1\u03bb\u03cd\u03bc\u03b1\u03c4\u03b1, \u0395\u03bb\u03bb\u03ac\u03b4\u03b1, \u0391\u03b8\u03ae\u03bd\u03b1, \u03a4\u03bf\u03bb\u03cc, \u039d\u03b1\u03cd\u03c0\u03bb\u03b9\u03bf, \u0394\u03c1\u03ad\u03c0\u03b1\u03bd\u03bf, \u0391\u03c1\u03b3\u03bf\u03bb\u03af\u03b4\u03b1[:]\" \/>\n<meta property=\"og:url\" content=\"https:\/\/armonia-ewa.com\/\" \/>\n<meta property=\"og:site_name\" content=\"Armonia Apartments - Ewa, Nikos Christopoulos - Drepano-Plaka, Tolo, Grecja, Greece\" \/>\n<meta property=\"article:modified_time\" content=\"2025-03-03T09:18:54+00:00\" \/>\n<meta name=\"twitter:card\" content=\"summary_large_image\" \/>\n<script type=\"application\/ld+json\" class=\"yoast-schema-graph\">{\"@context\":\"https:\/\/schema.org\",\"@graph\":[{\"@type\":\"WebSite\",\"@id\":\"https:\/\/armonia-ewa.com\/#website\",\"url\":\"https:\/\/armonia-ewa.com\/\",\"name\":\"Armonia Apartments - Ewa, Nikos Christopoulos - Drepano-Plaka, Tolo, Grecja, Greece\",\"description\":\"Kolejna witryna oparta na WordPressie\",\"potentialAction\":[{\"@type\":\"SearchAction\",\"target\":{\"@type\":\"EntryPoint\",\"urlTemplate\":\"https:\/\/armonia-ewa.com\/?s={search_term_string}\"},\"query-input\":\"required name=search_term_string\"}],\"inLanguage\":\"pl-PL\"},{\"@type\":\"WebPage\",\"@id\":\"https:\/\/armonia-ewa.com\/#webpage\",\"url\":\"https:\/\/armonia-ewa.com\/\",\"name\":\"[:pl]Strona g\\u0142\\u00f3wna[:en]Home[:el]Home[:] - Armonia Apartments - Ewa, Nikos Christopoulos - Drepano-Plaka, Tolo, Grecja, Greece\",\"isPartOf\":{\"@id\":\"https:\/\/armonia-ewa.com\/#website\"},\"datePublished\":\"2015-11-24T09:33:59+00:00\",\"dateModified\":\"2025-03-03T09:18:54+00:00\",\"description\":\"[:pl]Armonia Apartments: Ewa, Nikos Christopoulos; Drepano-Plaka; Apartamenty w Grecji, 20 m od morza, bezpo\\u015brednio od w\\u0142a\\u015bcicieli - ma\\u0142\\u017ce\\u0144stwo polsko-greckie, po\\u0142o\\u017cone w\\u015br\\u00f3d zieleni i ciszy[:en]We offer you three luxurious apartments ARMONIA. They are situated on Peloponnese Penissula, Argolida, in Drepano-Plaka village. 20 meters far from the sea.[:el]\\u0394\\u03b9\\u03b1\\u03ba\\u03bf\\u03c0\\u03ad\\u03c2 \\u03c3\\u03c4\\u03b7\\u03bd \\u0395\\u03bb\\u03bb\\u03ac\\u03b4\\u03b1, \\u0394\\u03b9\\u03b1\\u03ba\\u03bf\\u03c0\\u03ad\\u03c2 \\u03c3\\u03c4\\u03b7\\u03bd \\u03a0\\u03b5\\u03bb\\u03bf\\u03c0\\u03cc\\u03bd\\u03bd\\u03b7\\u03c3\\u03bf, \\u03c0\\u03b1\\u03c1\\u03b1\\u03b8\\u03b1\\u03bb\\u03ac\\u03c3\\u03c3\\u03b9\\u03b1 \\u03b4\\u03b9\\u03b1\\u03bc\\u03b5\\u03c1\\u03af\\u03c3\\u03bc\\u03b1\\u03c4\\u03b1, \\u03b4\\u03b9\\u03b1\\u03ba\\u03bf\\u03c0\\u03ad\\u03c2, \\u03ba\\u03b1\\u03c4\\u03ac\\u03bb\\u03c5\\u03bc\\u03b1, \\u03b4\\u03c9\\u03bc\\u03ac\\u03c4\\u03b9\\u03b1, \\u03ba\\u03b1\\u03c4\\u03b1\\u03bb\\u03cd\\u03bc\\u03b1\\u03c4\\u03b1, \\u0395\\u03bb\\u03bb\\u03ac\\u03b4\\u03b1, \\u0391\\u03b8\\u03ae\\u03bd\\u03b1, \\u03a4\\u03bf\\u03bb\\u03cc, \\u039d\\u03b1\\u03cd\\u03c0\\u03bb\\u03b9\\u03bf, \\u0394\\u03c1\\u03ad\\u03c0\\u03b1\\u03bd\\u03bf, \\u0391\\u03c1\\u03b3\\u03bf\\u03bb\\u03af\\u03b4\\u03b1[:]\",\"breadcrumb\":{\"@id\":\"https:\/\/armonia-ewa.com\/#breadcrumb\"},\"inLanguage\":\"pl-PL\",\"potentialAction\":[{\"@type\":\"ReadAction\",\"target\":[\"https:\/\/armonia-ewa.com\/\"]}]},{\"@type\":\"BreadcrumbList\",\"@id\":\"https:\/\/armonia-ewa.com\/#breadcrumb\",\"itemListElement\":[{\"@type\":\"ListItem\",\"position\":1,\"name\":\"Strona g\\u0142\\u00f3wna\",\"item\":\"https:\/\/armonia-ewa.com\/\"},{\"@type\":\"ListItem\",\"position\":2,\"name\":\"Home\"}]}]}<\/script>\n<!-- \/ Yoast SEO plugin. -->","yoast_head_json":{"title":"[:pl]Strona g\u0142\u00f3wna[:en]Home[:el]Home[:] - Armonia Apartments - Ewa, Nikos Christopoulos - Drepano-Plaka, Tolo, Grecja, Greece","description":"[:pl]Armonia Apartments: Ewa, Nikos Christopoulos; Drepano-Plaka; Apartamenty w Grecji, 20 m od morza, bezpo\u015brednio od w\u0142a\u015bcicieli - ma\u0142\u017ce\u0144stwo polsko-greckie, po\u0142o\u017cone w\u015br\u00f3d zieleni i ciszy[:en]We offer you three luxurious apartments ARMONIA. They are situated on Peloponnese Penissula, Argolida, in Drepano-Plaka village. 20 meters far from the sea.[:el]\u0394\u03b9\u03b1\u03ba\u03bf\u03c0\u03ad\u03c2 \u03c3\u03c4\u03b7\u03bd \u0395\u03bb\u03bb\u03ac\u03b4\u03b1, \u0394\u03b9\u03b1\u03ba\u03bf\u03c0\u03ad\u03c2 \u03c3\u03c4\u03b7\u03bd \u03a0\u03b5\u03bb\u03bf\u03c0\u03cc\u03bd\u03bd\u03b7\u03c3\u03bf, \u03c0\u03b1\u03c1\u03b1\u03b8\u03b1\u03bb\u03ac\u03c3\u03c3\u03b9\u03b1 \u03b4\u03b9\u03b1\u03bc\u03b5\u03c1\u03af\u03c3\u03bc\u03b1\u03c4\u03b1, \u03b4\u03b9\u03b1\u03ba\u03bf\u03c0\u03ad\u03c2, \u03ba\u03b1\u03c4\u03ac\u03bb\u03c5\u03bc\u03b1, \u03b4\u03c9\u03bc\u03ac\u03c4\u03b9\u03b1, \u03ba\u03b1\u03c4\u03b1\u03bb\u03cd\u03bc\u03b1\u03c4\u03b1, \u0395\u03bb\u03bb\u03ac\u03b4\u03b1, \u0391\u03b8\u03ae\u03bd\u03b1, \u03a4\u03bf\u03bb\u03cc, \u039d\u03b1\u03cd\u03c0\u03bb\u03b9\u03bf, \u0394\u03c1\u03ad\u03c0\u03b1\u03bd\u03bf, \u0391\u03c1\u03b3\u03bf\u03bb\u03af\u03b4\u03b1[:]","robots":{"index":"index","follow":"follow","max-snippet":"max-snippet:-1","max-image-preview":"max-image-preview:large","max-video-preview":"max-video-preview:-1"},"canonical":"https:\/\/armonia-ewa.com\/","og_locale":"pl_PL","og_type":"article","og_title":"[:pl]Strona g\u0142\u00f3wna[:en]Home[:el]Home[:] - Armonia Apartments - Ewa, Nikos Christopoulos - Drepano-Plaka, Tolo, Grecja, Greece","og_description":"[:pl]Armonia Apartments: Ewa, Nikos Christopoulos; Drepano-Plaka; Apartamenty w Grecji, 20 m od morza, bezpo\u015brednio od w\u0142a\u015bcicieli - ma\u0142\u017ce\u0144stwo polsko-greckie, po\u0142o\u017cone w\u015br\u00f3d zieleni i ciszy[:en]We offer you three luxurious apartments ARMONIA. They are situated on Peloponnese Penissula, Argolida, in Drepano-Plaka village. 20 meters far from the sea.[:el]\u0394\u03b9\u03b1\u03ba\u03bf\u03c0\u03ad\u03c2 \u03c3\u03c4\u03b7\u03bd \u0395\u03bb\u03bb\u03ac\u03b4\u03b1, \u0394\u03b9\u03b1\u03ba\u03bf\u03c0\u03ad\u03c2 \u03c3\u03c4\u03b7\u03bd \u03a0\u03b5\u03bb\u03bf\u03c0\u03cc\u03bd\u03bd\u03b7\u03c3\u03bf, \u03c0\u03b1\u03c1\u03b1\u03b8\u03b1\u03bb\u03ac\u03c3\u03c3\u03b9\u03b1 \u03b4\u03b9\u03b1\u03bc\u03b5\u03c1\u03af\u03c3\u03bc\u03b1\u03c4\u03b1, \u03b4\u03b9\u03b1\u03ba\u03bf\u03c0\u03ad\u03c2, \u03ba\u03b1\u03c4\u03ac\u03bb\u03c5\u03bc\u03b1, \u03b4\u03c9\u03bc\u03ac\u03c4\u03b9\u03b1, \u03ba\u03b1\u03c4\u03b1\u03bb\u03cd\u03bc\u03b1\u03c4\u03b1, \u0395\u03bb\u03bb\u03ac\u03b4\u03b1, \u0391\u03b8\u03ae\u03bd\u03b1, \u03a4\u03bf\u03bb\u03cc, \u039d\u03b1\u03cd\u03c0\u03bb\u03b9\u03bf, \u0394\u03c1\u03ad\u03c0\u03b1\u03bd\u03bf, \u0391\u03c1\u03b3\u03bf\u03bb\u03af\u03b4\u03b1[:]","og_url":"https:\/\/armonia-ewa.com\/","og_site_name":"Armonia Apartments - Ewa, Nikos Christopoulos - Drepano-Plaka, Tolo, Grecja, Greece","article_modified_time":"2025-03-03T09:18:54+00:00","twitter_card":"summary_large_image","schema":{"@context":"https:\/\/schema.org","@graph":[{"@type":"WebSite","@id":"https:\/\/armonia-ewa.com\/#website","url":"https:\/\/armonia-ewa.com\/","name":"Armonia Apartments - Ewa, Nikos Christopoulos - Drepano-Plaka, Tolo, Grecja, Greece","description":"Kolejna witryna oparta na WordPressie","potentialAction":[{"@type":"SearchAction","target":{"@type":"EntryPoint","urlTemplate":"https:\/\/armonia-ewa.com\/?s={search_term_string}"},"query-input":"required name=search_term_string"}],"inLanguage":"pl-PL"},{"@type":"WebPage","@id":"https:\/\/armonia-ewa.com\/#webpage","url":"https:\/\/armonia-ewa.com\/","name":"[:pl]Strona g\u0142\u00f3wna[:en]Home[:el]Home[:] - Armonia Apartments - Ewa, Nikos Christopoulos - Drepano-Plaka, Tolo, Grecja, Greece","isPartOf":{"@id":"https:\/\/armonia-ewa.com\/#website"},"datePublished":"2015-11-24T09:33:59+00:00","dateModified":"2025-03-03T09:18:54+00:00","description":"[:pl]Armonia Apartments: Ewa, Nikos Christopoulos; Drepano-Plaka; Apartamenty w Grecji, 20 m od morza, bezpo\u015brednio od w\u0142a\u015bcicieli - ma\u0142\u017ce\u0144stwo polsko-greckie, po\u0142o\u017cone w\u015br\u00f3d zieleni i ciszy[:en]We offer you three luxurious apartments ARMONIA. They are situated on Peloponnese Penissula, Argolida, in Drepano-Plaka village. 20 meters far from the sea.[:el]\u0394\u03b9\u03b1\u03ba\u03bf\u03c0\u03ad\u03c2 \u03c3\u03c4\u03b7\u03bd \u0395\u03bb\u03bb\u03ac\u03b4\u03b1, \u0394\u03b9\u03b1\u03ba\u03bf\u03c0\u03ad\u03c2 \u03c3\u03c4\u03b7\u03bd \u03a0\u03b5\u03bb\u03bf\u03c0\u03cc\u03bd\u03bd\u03b7\u03c3\u03bf, \u03c0\u03b1\u03c1\u03b1\u03b8\u03b1\u03bb\u03ac\u03c3\u03c3\u03b9\u03b1 \u03b4\u03b9\u03b1\u03bc\u03b5\u03c1\u03af\u03c3\u03bc\u03b1\u03c4\u03b1, \u03b4\u03b9\u03b1\u03ba\u03bf\u03c0\u03ad\u03c2, \u03ba\u03b1\u03c4\u03ac\u03bb\u03c5\u03bc\u03b1, \u03b4\u03c9\u03bc\u03ac\u03c4\u03b9\u03b1, \u03ba\u03b1\u03c4\u03b1\u03bb\u03cd\u03bc\u03b1\u03c4\u03b1, \u0395\u03bb\u03bb\u03ac\u03b4\u03b1, \u0391\u03b8\u03ae\u03bd\u03b1, \u03a4\u03bf\u03bb\u03cc, \u039d\u03b1\u03cd\u03c0\u03bb\u03b9\u03bf, \u0394\u03c1\u03ad\u03c0\u03b1\u03bd\u03bf, \u0391\u03c1\u03b3\u03bf\u03bb\u03af\u03b4\u03b1[:]","breadcrumb":{"@id":"https:\/\/armonia-ewa.com\/#breadcrumb"},"inLanguage":"pl-PL","potentialAction":[{"@type":"ReadAction","target":["https:\/\/armonia-ewa.com\/"]}]},{"@type":"BreadcrumbList","@id":"https:\/\/armonia-ewa.com\/#breadcrumb","itemListElement":[{"@type":"ListItem","position":1,"name":"Strona g\u0142\u00f3wna","item":"https:\/\/armonia-ewa.com\/"},{"@type":"ListItem","position":2,"name":"Home"}]}]}},"_links":{"self":[{"href":"https:\/\/armonia-ewa.com\/pl\/wp-json\/wp\/v2\/pages\/82"}],"collection":[{"href":"https:\/\/armonia-ewa.com\/pl\/wp-json\/wp\/v2\/pages"}],"about":[{"href":"https:\/\/armonia-ewa.com\/pl\/wp-json\/wp\/v2\/types\/page"}],"author":[{"embeddable":true,"href":"https:\/\/armonia-ewa.com\/pl\/wp-json\/wp\/v2\/users\/1"}],"replies":[{"embeddable":true,"href":"https:\/\/armonia-ewa.com\/pl\/wp-json\/wp\/v2\/comments?post=82"}],"version-history":[{"count":3,"href":"https:\/\/armonia-ewa.com\/pl\/wp-json\/wp\/v2\/pages\/82\/revisions"}],"predecessor-version":[{"id":250,"href":"https:\/\/armonia-ewa.com\/pl\/wp-json\/wp\/v2\/pages\/82\/revisions\/250"}],"wp:attachment":[{"href":"https:\/\/armonia-ewa.com\/pl\/wp-json\/wp\/v2\/media?parent=82"}],"curies":[{"name":"wp","href":"https:\/\/api.w.org\/{rel}","templated":true}]}}