{"id":32,"date":"2015-11-25T10:17:44","date_gmt":"2015-11-25T10:17:44","guid":{"rendered":"http:\/\/themes.muffingroup.com\/be\/hotel2\/?page_id=32"},"modified":"2021-02-09T14:33:41","modified_gmt":"2021-02-09T13:33:41","slug":"gallery","status":"publish","type":"page","link":"https:\/\/armonia-ewa.com\/pl\/gallery\/","title":{"rendered":"Galeria"},"content":{"rendered":"","protected":false},"excerpt":{"rendered":"","protected":false},"author":1,"featured_media":205,"parent":0,"menu_order":0,"comment_status":"closed","ping_status":"closed","template":"","meta":[],"yoast_head":"<!-- This site is optimized with the Yoast SEO plugin v16.7 - https:\/\/yoast.com\/wordpress\/plugins\/seo\/ -->\n<title>Galeria - Armonia Apartments - Ewa, Nikos Christopoulos - Drepano-Plaka, Tolo, Grecja, Greece<\/title>\n<meta name=\"description\" content=\"[:pl]Zobacz zdj\u0119cia naszych apartament\u00f3w w Grecji oraz najbli\u017cszej okolicy Drepano-Plaka, Peloponez, Korynt, Mykeny, Ateny.[:en]See photos our apartments in Greece and near places as Drepano-Plaka, Peloponnese, Corinth, Mycenae, Athens.[:el]\u0394\u03b5\u03af\u03c4\u03b5 \u03c6\u03c9\u03c4\u03bf\u03b3\u03c1\u03b1\u03c6\u03af\u03b5\u03c2 \u03c3\u03c4\u03b1 \u03b4\u03b9\u03b1\u03bc\u03b5\u03c1\u03af\u03c3\u03bc\u03b1\u03c4\u03b1 \u03bc\u03b1\u03c2 \u03c3\u03c4\u03b7\u03bd \u0395\u03bb\u03bb\u03ac\u03b4\u03b1 \u03ba\u03b1\u03b9 \u03c3\u03b5 \u03ba\u03bf\u03bd\u03c4\u03b9\u03bd\u03ac \u03bc\u03ad\u03c1\u03b7 \u03cc\u03c0\u03c9\u03c2 \u03c4\u03bf Drepano-Plaka, \u03b7 \u03a0\u03b5\u03bb\u03bf\u03c0\u03cc\u03bd\u03bd\u03b7\u03c3\u03bf\u03c2, \u03b7 \u039a\u03cc\u03c1\u03b9\u03bd\u03b8\u03bf\u03c2, \u03bf\u03b9 \u039c\u03c5\u03ba\u03ae\u03bd\u03b5\u03c2, \u03b7 \u0391\u03b8\u03ae\u03bd\u03b1.[:]\" \/>\n<meta name=\"robots\" content=\"index, follow, max-snippet:-1, max-image-preview:large, max-video-preview:-1\" \/>\n<link rel=\"canonical\" href=\"https:\/\/armonia-ewa.com\/gallery\/\" \/>\n<meta property=\"og:locale\" content=\"pl_PL\" \/>\n<meta property=\"og:type\" content=\"article\" \/>\n<meta property=\"og:title\" content=\"[:pl]Galeria[:en]Gallery[:el]\u03a6\u03a9\u03a4\u039f\u0393\u03a1\u0391\u03a6\u0399\u0395\u03a3[:] - Armonia Apartments - Ewa, Nikos Christopoulos - Drepano-Plaka, Tolo, Grecja, Greece\" \/>\n<meta property=\"og:description\" content=\"[:pl]Zobacz zdj\u0119cia naszych apartament\u00f3w w Grecji oraz najbli\u017cszej okolicy Drepano-Plaka, Peloponez, Korynt, Mykeny, Ateny.[:en]See photos our apartments in Greece and near places as Drepano-Plaka, Peloponnese, Corinth, Mycenae, Athens.[:el]\u0394\u03b5\u03af\u03c4\u03b5 \u03c6\u03c9\u03c4\u03bf\u03b3\u03c1\u03b1\u03c6\u03af\u03b5\u03c2 \u03c3\u03c4\u03b1 \u03b4\u03b9\u03b1\u03bc\u03b5\u03c1\u03af\u03c3\u03bc\u03b1\u03c4\u03b1 \u03bc\u03b1\u03c2 \u03c3\u03c4\u03b7\u03bd \u0395\u03bb\u03bb\u03ac\u03b4\u03b1 \u03ba\u03b1\u03b9 \u03c3\u03b5 \u03ba\u03bf\u03bd\u03c4\u03b9\u03bd\u03ac \u03bc\u03ad\u03c1\u03b7 \u03cc\u03c0\u03c9\u03c2 \u03c4\u03bf Drepano-Plaka, \u03b7 \u03a0\u03b5\u03bb\u03bf\u03c0\u03cc\u03bd\u03bd\u03b7\u03c3\u03bf\u03c2, \u03b7 \u039a\u03cc\u03c1\u03b9\u03bd\u03b8\u03bf\u03c2, \u03bf\u03b9 \u039c\u03c5\u03ba\u03ae\u03bd\u03b5\u03c2, \u03b7 \u0391\u03b8\u03ae\u03bd\u03b1.[:]\" \/>\n<meta property=\"og:url\" content=\"https:\/\/armonia-ewa.com\/gallery\/\" \/>\n<meta property=\"og:site_name\" content=\"Armonia Apartments - Ewa, Nikos Christopoulos - Drepano-Plaka, Tolo, Grecja, Greece\" \/>\n<meta property=\"article:modified_time\" content=\"2021-02-09T13:33:41+00:00\" \/>\n<meta property=\"og:image\" content=\"https:\/\/armonia-ewa.com\/wp-content\/uploads\/2020\/01\/dsc01122.jpg\" \/>\n\t<meta property=\"og:image:width\" content=\"1600\" \/>\n\t<meta property=\"og:image:height\" content=\"1071\" \/>\n<meta name=\"twitter:card\" content=\"summary_large_image\" \/>\n<script type=\"application\/ld+json\" class=\"yoast-schema-graph\">{\"@context\":\"https:\/\/schema.org\",\"@graph\":[{\"@type\":\"WebSite\",\"@id\":\"https:\/\/armonia-ewa.com\/#website\",\"url\":\"https:\/\/armonia-ewa.com\/\",\"name\":\"Armonia Apartments - Ewa, Nikos Christopoulos - Drepano-Plaka, Tolo, Grecja, Greece\",\"description\":\"Kolejna witryna oparta na WordPressie\",\"potentialAction\":[{\"@type\":\"SearchAction\",\"target\":{\"@type\":\"EntryPoint\",\"urlTemplate\":\"https:\/\/armonia-ewa.com\/?s={search_term_string}\"},\"query-input\":\"required name=search_term_string\"}],\"inLanguage\":\"pl-PL\"},{\"@type\":\"ImageObject\",\"@id\":\"https:\/\/armonia-ewa.com\/gallery\/#primaryimage\",\"inLanguage\":\"pl-PL\",\"url\":\"https:\/\/armonia-ewa.com\/wp-content\/uploads\/2020\/01\/dsc01122.jpg\",\"contentUrl\":\"https:\/\/armonia-ewa.com\/wp-content\/uploads\/2020\/01\/dsc01122.jpg\",\"width\":1600,\"height\":1071},{\"@type\":\"WebPage\",\"@id\":\"https:\/\/armonia-ewa.com\/gallery\/#webpage\",\"url\":\"https:\/\/armonia-ewa.com\/gallery\/\",\"name\":\"[:pl]Galeria[:en]Gallery[:el]\\u03a6\\u03a9\\u03a4\\u039f\\u0393\\u03a1\\u0391\\u03a6\\u0399\\u0395\\u03a3[:] - Armonia Apartments - Ewa, Nikos Christopoulos - Drepano-Plaka, Tolo, Grecja, Greece\",\"isPartOf\":{\"@id\":\"https:\/\/armonia-ewa.com\/#website\"},\"primaryImageOfPage\":{\"@id\":\"https:\/\/armonia-ewa.com\/gallery\/#primaryimage\"},\"datePublished\":\"2015-11-25T10:17:44+00:00\",\"dateModified\":\"2021-02-09T13:33:41+00:00\",\"description\":\"[:pl]Zobacz zdj\\u0119cia naszych apartament\\u00f3w w Grecji oraz najbli\\u017cszej okolicy Drepano-Plaka, Peloponez, Korynt, Mykeny, Ateny.[:en]See photos our apartments in Greece and near places as Drepano-Plaka, Peloponnese, Corinth, Mycenae, Athens.[:el]\\u0394\\u03b5\\u03af\\u03c4\\u03b5 \\u03c6\\u03c9\\u03c4\\u03bf\\u03b3\\u03c1\\u03b1\\u03c6\\u03af\\u03b5\\u03c2 \\u03c3\\u03c4\\u03b1 \\u03b4\\u03b9\\u03b1\\u03bc\\u03b5\\u03c1\\u03af\\u03c3\\u03bc\\u03b1\\u03c4\\u03b1 \\u03bc\\u03b1\\u03c2 \\u03c3\\u03c4\\u03b7\\u03bd \\u0395\\u03bb\\u03bb\\u03ac\\u03b4\\u03b1 \\u03ba\\u03b1\\u03b9 \\u03c3\\u03b5 \\u03ba\\u03bf\\u03bd\\u03c4\\u03b9\\u03bd\\u03ac \\u03bc\\u03ad\\u03c1\\u03b7 \\u03cc\\u03c0\\u03c9\\u03c2 \\u03c4\\u03bf Drepano-Plaka, \\u03b7 \\u03a0\\u03b5\\u03bb\\u03bf\\u03c0\\u03cc\\u03bd\\u03bd\\u03b7\\u03c3\\u03bf\\u03c2, \\u03b7 \\u039a\\u03cc\\u03c1\\u03b9\\u03bd\\u03b8\\u03bf\\u03c2, \\u03bf\\u03b9 \\u039c\\u03c5\\u03ba\\u03ae\\u03bd\\u03b5\\u03c2, \\u03b7 \\u0391\\u03b8\\u03ae\\u03bd\\u03b1.[:]\",\"breadcrumb\":{\"@id\":\"https:\/\/armonia-ewa.com\/gallery\/#breadcrumb\"},\"inLanguage\":\"pl-PL\",\"potentialAction\":[{\"@type\":\"ReadAction\",\"target\":[\"https:\/\/armonia-ewa.com\/gallery\/\"]}]},{\"@type\":\"BreadcrumbList\",\"@id\":\"https:\/\/armonia-ewa.com\/gallery\/#breadcrumb\",\"itemListElement\":[{\"@type\":\"ListItem\",\"position\":1,\"name\":\"Strona g\\u0142\\u00f3wna\",\"item\":\"https:\/\/armonia-ewa.com\/\"},{\"@type\":\"ListItem\",\"position\":2,\"name\":\"Gallery\"}]},{\"@type\":\"Person\",\"@id\":\"https:\/\/armonia-ewa.com\/#\/schema\/person\/a6d83c96059f5717be5dd86522043b8c\",\"name\":\"Arkadiusz Tobiasz\",\"image\":{\"@type\":\"ImageObject\",\"@id\":\"https:\/\/armonia-ewa.com\/#personlogo\",\"inLanguage\":\"pl-PL\",\"url\":\"https:\/\/secure.gravatar.com\/avatar\/83dd5030e2a4bc7338b48f8171c5a741?s=96&d=mm&r=g\",\"contentUrl\":\"https:\/\/secure.gravatar.com\/avatar\/83dd5030e2a4bc7338b48f8171c5a741?s=96&d=mm&r=g\",\"caption\":\"Arkadiusz Tobiasz\"},\"url\":\"https:\/\/armonia-ewa.com\/pl\/author\/toar\/\"}]}<\/script>\n<!-- \/ Yoast SEO plugin. -->","yoast_head_json":{"title":"[:pl]Galeria[:en]Gallery[:el]\u03a6\u03a9\u03a4\u039f\u0393\u03a1\u0391\u03a6\u0399\u0395\u03a3[:] - Armonia Apartments - Ewa, Nikos Christopoulos - Drepano-Plaka, Tolo, Grecja, Greece","description":"[:pl]Zobacz zdj\u0119cia naszych apartament\u00f3w w Grecji oraz najbli\u017cszej okolicy Drepano-Plaka, Peloponez, Korynt, Mykeny, Ateny.[:en]See photos our apartments in Greece and near places as Drepano-Plaka, Peloponnese, Corinth, Mycenae, Athens.[:el]\u0394\u03b5\u03af\u03c4\u03b5 \u03c6\u03c9\u03c4\u03bf\u03b3\u03c1\u03b1\u03c6\u03af\u03b5\u03c2 \u03c3\u03c4\u03b1 \u03b4\u03b9\u03b1\u03bc\u03b5\u03c1\u03af\u03c3\u03bc\u03b1\u03c4\u03b1 \u03bc\u03b1\u03c2 \u03c3\u03c4\u03b7\u03bd \u0395\u03bb\u03bb\u03ac\u03b4\u03b1 \u03ba\u03b1\u03b9 \u03c3\u03b5 \u03ba\u03bf\u03bd\u03c4\u03b9\u03bd\u03ac \u03bc\u03ad\u03c1\u03b7 \u03cc\u03c0\u03c9\u03c2 \u03c4\u03bf Drepano-Plaka, \u03b7 \u03a0\u03b5\u03bb\u03bf\u03c0\u03cc\u03bd\u03bd\u03b7\u03c3\u03bf\u03c2, \u03b7 \u039a\u03cc\u03c1\u03b9\u03bd\u03b8\u03bf\u03c2, \u03bf\u03b9 \u039c\u03c5\u03ba\u03ae\u03bd\u03b5\u03c2, \u03b7 \u0391\u03b8\u03ae\u03bd\u03b1.[:]","robots":{"index":"index","follow":"follow","max-snippet":"max-snippet:-1","max-image-preview":"max-image-preview:large","max-video-preview":"max-video-preview:-1"},"canonical":"https:\/\/armonia-ewa.com\/gallery\/","og_locale":"pl_PL","og_type":"article","og_title":"[:pl]Galeria[:en]Gallery[:el]\u03a6\u03a9\u03a4\u039f\u0393\u03a1\u0391\u03a6\u0399\u0395\u03a3[:] - Armonia Apartments - Ewa, Nikos Christopoulos - Drepano-Plaka, Tolo, Grecja, Greece","og_description":"[:pl]Zobacz zdj\u0119cia naszych apartament\u00f3w w Grecji oraz najbli\u017cszej okolicy Drepano-Plaka, Peloponez, Korynt, Mykeny, Ateny.[:en]See photos our apartments in Greece and near places as Drepano-Plaka, Peloponnese, Corinth, Mycenae, Athens.[:el]\u0394\u03b5\u03af\u03c4\u03b5 \u03c6\u03c9\u03c4\u03bf\u03b3\u03c1\u03b1\u03c6\u03af\u03b5\u03c2 \u03c3\u03c4\u03b1 \u03b4\u03b9\u03b1\u03bc\u03b5\u03c1\u03af\u03c3\u03bc\u03b1\u03c4\u03b1 \u03bc\u03b1\u03c2 \u03c3\u03c4\u03b7\u03bd \u0395\u03bb\u03bb\u03ac\u03b4\u03b1 \u03ba\u03b1\u03b9 \u03c3\u03b5 \u03ba\u03bf\u03bd\u03c4\u03b9\u03bd\u03ac \u03bc\u03ad\u03c1\u03b7 \u03cc\u03c0\u03c9\u03c2 \u03c4\u03bf Drepano-Plaka, \u03b7 \u03a0\u03b5\u03bb\u03bf\u03c0\u03cc\u03bd\u03bd\u03b7\u03c3\u03bf\u03c2, \u03b7 \u039a\u03cc\u03c1\u03b9\u03bd\u03b8\u03bf\u03c2, \u03bf\u03b9 \u039c\u03c5\u03ba\u03ae\u03bd\u03b5\u03c2, \u03b7 \u0391\u03b8\u03ae\u03bd\u03b1.[:]","og_url":"https:\/\/armonia-ewa.com\/gallery\/","og_site_name":"Armonia Apartments - Ewa, Nikos Christopoulos - Drepano-Plaka, Tolo, Grecja, Greece","article_modified_time":"2021-02-09T13:33:41+00:00","og_image":[{"width":1600,"height":1071,"url":"https:\/\/armonia-ewa.com\/wp-content\/uploads\/2020\/01\/dsc01122.jpg","path":"\/home\/armonia\/domains\/armonia-ewa.com\/public_html\/new\/wp-content\/uploads\/2020\/01\/dsc01122.jpg","size":"full","id":205,"alt":"","pixels":1713600,"type":"image\/jpeg"}],"twitter_card":"summary_large_image","schema":{"@context":"https:\/\/schema.org","@graph":[{"@type":"WebSite","@id":"https:\/\/armonia-ewa.com\/#website","url":"https:\/\/armonia-ewa.com\/","name":"Armonia Apartments - Ewa, Nikos Christopoulos - Drepano-Plaka, Tolo, Grecja, Greece","description":"Kolejna witryna oparta na WordPressie","potentialAction":[{"@type":"SearchAction","target":{"@type":"EntryPoint","urlTemplate":"https:\/\/armonia-ewa.com\/?s={search_term_string}"},"query-input":"required name=search_term_string"}],"inLanguage":"pl-PL"},{"@type":"ImageObject","@id":"https:\/\/armonia-ewa.com\/gallery\/#primaryimage","inLanguage":"pl-PL","url":"https:\/\/armonia-ewa.com\/wp-content\/uploads\/2020\/01\/dsc01122.jpg","contentUrl":"https:\/\/armonia-ewa.com\/wp-content\/uploads\/2020\/01\/dsc01122.jpg","width":1600,"height":1071},{"@type":"WebPage","@id":"https:\/\/armonia-ewa.com\/gallery\/#webpage","url":"https:\/\/armonia-ewa.com\/gallery\/","name":"[:pl]Galeria[:en]Gallery[:el]\u03a6\u03a9\u03a4\u039f\u0393\u03a1\u0391\u03a6\u0399\u0395\u03a3[:] - Armonia Apartments - Ewa, Nikos Christopoulos - Drepano-Plaka, Tolo, Grecja, Greece","isPartOf":{"@id":"https:\/\/armonia-ewa.com\/#website"},"primaryImageOfPage":{"@id":"https:\/\/armonia-ewa.com\/gallery\/#primaryimage"},"datePublished":"2015-11-25T10:17:44+00:00","dateModified":"2021-02-09T13:33:41+00:00","description":"[:pl]Zobacz zdj\u0119cia naszych apartament\u00f3w w Grecji oraz najbli\u017cszej okolicy Drepano-Plaka, Peloponez, Korynt, Mykeny, Ateny.[:en]See photos our apartments in Greece and near places as Drepano-Plaka, Peloponnese, Corinth, Mycenae, Athens.[:el]\u0394\u03b5\u03af\u03c4\u03b5 \u03c6\u03c9\u03c4\u03bf\u03b3\u03c1\u03b1\u03c6\u03af\u03b5\u03c2 \u03c3\u03c4\u03b1 \u03b4\u03b9\u03b1\u03bc\u03b5\u03c1\u03af\u03c3\u03bc\u03b1\u03c4\u03b1 \u03bc\u03b1\u03c2 \u03c3\u03c4\u03b7\u03bd \u0395\u03bb\u03bb\u03ac\u03b4\u03b1 \u03ba\u03b1\u03b9 \u03c3\u03b5 \u03ba\u03bf\u03bd\u03c4\u03b9\u03bd\u03ac \u03bc\u03ad\u03c1\u03b7 \u03cc\u03c0\u03c9\u03c2 \u03c4\u03bf Drepano-Plaka, \u03b7 \u03a0\u03b5\u03bb\u03bf\u03c0\u03cc\u03bd\u03bd\u03b7\u03c3\u03bf\u03c2, \u03b7 \u039a\u03cc\u03c1\u03b9\u03bd\u03b8\u03bf\u03c2, \u03bf\u03b9 \u039c\u03c5\u03ba\u03ae\u03bd\u03b5\u03c2, \u03b7 \u0391\u03b8\u03ae\u03bd\u03b1.[:]","breadcrumb":{"@id":"https:\/\/armonia-ewa.com\/gallery\/#breadcrumb"},"inLanguage":"pl-PL","potentialAction":[{"@type":"ReadAction","target":["https:\/\/armonia-ewa.com\/gallery\/"]}]},{"@type":"BreadcrumbList","@id":"https:\/\/armonia-ewa.com\/gallery\/#breadcrumb","itemListElement":[{"@type":"ListItem","position":1,"name":"Strona g\u0142\u00f3wna","item":"https:\/\/armonia-ewa.com\/"},{"@type":"ListItem","position":2,"name":"Gallery"}]},{"@type":"Person","@id":"https:\/\/armonia-ewa.com\/#\/schema\/person\/a6d83c96059f5717be5dd86522043b8c","name":"Arkadiusz Tobiasz","image":{"@type":"ImageObject","@id":"https:\/\/armonia-ewa.com\/#personlogo","inLanguage":"pl-PL","url":"https:\/\/secure.gravatar.com\/avatar\/83dd5030e2a4bc7338b48f8171c5a741?s=96&d=mm&r=g","contentUrl":"https:\/\/secure.gravatar.com\/avatar\/83dd5030e2a4bc7338b48f8171c5a741?s=96&d=mm&r=g","caption":"Arkadiusz Tobiasz"},"url":"https:\/\/armonia-ewa.com\/pl\/author\/toar\/"}]}},"_links":{"self":[{"href":"https:\/\/armonia-ewa.com\/pl\/wp-json\/wp\/v2\/pages\/32"}],"collection":[{"href":"https:\/\/armonia-ewa.com\/pl\/wp-json\/wp\/v2\/pages"}],"about":[{"href":"https:\/\/armonia-ewa.com\/pl\/wp-json\/wp\/v2\/types\/page"}],"author":[{"embeddable":true,"href":"https:\/\/armonia-ewa.com\/pl\/wp-json\/wp\/v2\/users\/1"}],"replies":[{"embeddable":true,"href":"https:\/\/armonia-ewa.com\/pl\/wp-json\/wp\/v2\/comments?post=32"}],"version-history":[{"count":2,"href":"https:\/\/armonia-ewa.com\/pl\/wp-json\/wp\/v2\/pages\/32\/revisions"}],"predecessor-version":[{"id":148,"href":"https:\/\/armonia-ewa.com\/pl\/wp-json\/wp\/v2\/pages\/32\/revisions\/148"}],"wp:featuredmedia":[{"embeddable":true,"href":"https:\/\/armonia-ewa.com\/pl\/wp-json\/wp\/v2\/media\/205"}],"wp:attachment":[{"href":"https:\/\/armonia-ewa.com\/pl\/wp-json\/wp\/v2\/media?parent=32"}],"curies":[{"name":"wp","href":"https:\/\/api.w.org\/{rel}","templated":true}]}}