{"id":28,"date":"2015-11-25T10:15:42","date_gmt":"2015-11-25T10:15:42","guid":{"rendered":"http:\/\/themes.muffingroup.com\/be\/hotel2\/?page_id=28"},"modified":"2025-03-03T10:25:13","modified_gmt":"2025-03-03T09:25:13","slug":"contact","status":"publish","type":"page","link":"https:\/\/armonia-ewa.com\/pl\/contact\/","title":{"rendered":"Skontaktuj si\u0119 z nami"},"content":{"rendered":"","protected":false},"excerpt":{"rendered":"","protected":false},"author":1,"featured_media":0,"parent":0,"menu_order":0,"comment_status":"closed","ping_status":"closed","template":"","meta":[],"yoast_head":"<!-- This site is optimized with the Yoast SEO plugin v16.7 - https:\/\/yoast.com\/wordpress\/plugins\/seo\/ -->\n<title>Skontaktuj si\u0119 z nami - Armonia Apartments - Ewa, Nikos Christopoulos - Drepano-Plaka, Tolo, Grecja, Greece<\/title>\n<meta name=\"description\" content=\"[:pl]Napisz do nas, aby pozna\u0107 ofert\u0119 tanich, wygodnych i luksusowych apartament\u00f3w w Grecji oraz najbli\u017cszej okolicy Drepano-Plaka, Peloponez, Korynt, Mykeny, Ateny.[:en]Write to us and get offer cheap, comfortable and luxurious apartments in Greece and near places as Drepano-Plaka, Peloponnese, Corinth, Mycenae, Athens.[:el]\u0393\u03c1\u03ac\u03c8\u03b5 \u03c3\u03b5 \u03bc\u03b1\u03c2 \u03ba\u03b1\u03b9 \u03bd\u03b1 \u03c3\u03b1\u03c2 \u03c0\u03c1\u03bf\u03c3\u03c6\u03ad\u03c1\u03bf\u03c5\u03bc\u03b5 \u03c6\u03b8\u03b7\u03bd\u03ac, \u03ac\u03bd\u03b5\u03c4\u03b1 \u03ba\u03b1\u03b9 \u03c0\u03bf\u03bb\u03c5\u03c4\u03b5\u03bb\u03ae \u03b4\u03b9\u03b1\u03bc\u03b5\u03c1\u03af\u03c3\u03bc\u03b1\u03c4\u03b1 \u03c3\u03c4\u03b7\u03bd \u0395\u03bb\u03bb\u03ac\u03b4\u03b1 \u03ba\u03b1\u03b9 \u03c3\u03b5 \u03ba\u03bf\u03bd\u03c4\u03b9\u03bd\u03ac \u03bc\u03ad\u03c1\u03b7 \u03cc\u03c0\u03c9\u03c2 \u03c4\u03bf \u0394\u03c1\u03ad\u03c0\u03b1\u03bd\u03bf-\u03a0\u03bb\u03ac\u03ba\u03b1, \u03a0\u03b5\u03bb\u03bf\u03c0\u03cc\u03bd\u03bd\u03b7\u03c3\u03bf\u03c2, \u039a\u03cc\u03c1\u03b9\u03bd\u03b8\u03bf\u03c2, \u039c\u03c5\u03ba\u03ae\u03bd\u03b5\u03c2, \u0391\u03b8\u03ae\u03bd\u03b1[:]\" \/>\n<meta name=\"robots\" content=\"index, follow, max-snippet:-1, max-image-preview:large, max-video-preview:-1\" \/>\n<link rel=\"canonical\" href=\"https:\/\/armonia-ewa.com\/contact\/\" \/>\n<meta property=\"og:locale\" content=\"pl_PL\" \/>\n<meta property=\"og:type\" content=\"article\" \/>\n<meta property=\"og:title\" content=\"[:pl]Skontaktuj si\u0119 z nami[:en]Contact with us[:el]\u0395\u03c0\u03b9\u03ba\u03bf\u03b9\u03bd\u03c9\u03bd\u03ae\u03c3\u03c4\u03b5 \u03bc\u03b1\u03b6\u03af \u03bc\u03b1\u03c2[:] - Armonia Apartments - Ewa, Nikos Christopoulos - Drepano-Plaka, Tolo, Grecja, Greece\" \/>\n<meta property=\"og:description\" content=\"[:pl]Napisz do nas, aby pozna\u0107 ofert\u0119 tanich, wygodnych i luksusowych apartament\u00f3w w Grecji oraz najbli\u017cszej okolicy Drepano-Plaka, Peloponez, Korynt, Mykeny, Ateny.[:en]Write to us and get offer cheap, comfortable and luxurious apartments in Greece and near places as Drepano-Plaka, Peloponnese, Corinth, Mycenae, Athens.[:el]\u0393\u03c1\u03ac\u03c8\u03b5 \u03c3\u03b5 \u03bc\u03b1\u03c2 \u03ba\u03b1\u03b9 \u03bd\u03b1 \u03c3\u03b1\u03c2 \u03c0\u03c1\u03bf\u03c3\u03c6\u03ad\u03c1\u03bf\u03c5\u03bc\u03b5 \u03c6\u03b8\u03b7\u03bd\u03ac, \u03ac\u03bd\u03b5\u03c4\u03b1 \u03ba\u03b1\u03b9 \u03c0\u03bf\u03bb\u03c5\u03c4\u03b5\u03bb\u03ae \u03b4\u03b9\u03b1\u03bc\u03b5\u03c1\u03af\u03c3\u03bc\u03b1\u03c4\u03b1 \u03c3\u03c4\u03b7\u03bd \u0395\u03bb\u03bb\u03ac\u03b4\u03b1 \u03ba\u03b1\u03b9 \u03c3\u03b5 \u03ba\u03bf\u03bd\u03c4\u03b9\u03bd\u03ac \u03bc\u03ad\u03c1\u03b7 \u03cc\u03c0\u03c9\u03c2 \u03c4\u03bf \u0394\u03c1\u03ad\u03c0\u03b1\u03bd\u03bf-\u03a0\u03bb\u03ac\u03ba\u03b1, \u03a0\u03b5\u03bb\u03bf\u03c0\u03cc\u03bd\u03bd\u03b7\u03c3\u03bf\u03c2, \u039a\u03cc\u03c1\u03b9\u03bd\u03b8\u03bf\u03c2, \u039c\u03c5\u03ba\u03ae\u03bd\u03b5\u03c2, \u0391\u03b8\u03ae\u03bd\u03b1[:]\" \/>\n<meta property=\"og:url\" content=\"https:\/\/armonia-ewa.com\/contact\/\" \/>\n<meta property=\"og:site_name\" content=\"Armonia Apartments - Ewa, Nikos Christopoulos - Drepano-Plaka, Tolo, Grecja, Greece\" \/>\n<meta property=\"article:modified_time\" content=\"2025-03-03T09:25:13+00:00\" \/>\n<meta name=\"twitter:card\" content=\"summary_large_image\" \/>\n<script type=\"application\/ld+json\" class=\"yoast-schema-graph\">{\"@context\":\"https:\/\/schema.org\",\"@graph\":[{\"@type\":\"WebSite\",\"@id\":\"https:\/\/armonia-ewa.com\/#website\",\"url\":\"https:\/\/armonia-ewa.com\/\",\"name\":\"Armonia Apartments - Ewa, Nikos Christopoulos - Drepano-Plaka, Tolo, Grecja, Greece\",\"description\":\"Kolejna witryna oparta na WordPressie\",\"potentialAction\":[{\"@type\":\"SearchAction\",\"target\":{\"@type\":\"EntryPoint\",\"urlTemplate\":\"https:\/\/armonia-ewa.com\/?s={search_term_string}\"},\"query-input\":\"required name=search_term_string\"}],\"inLanguage\":\"pl-PL\"},{\"@type\":\"WebPage\",\"@id\":\"https:\/\/armonia-ewa.com\/contact\/#webpage\",\"url\":\"https:\/\/armonia-ewa.com\/contact\/\",\"name\":\"[:pl]Skontaktuj si\\u0119 z nami[:en]Contact with us[:el]\\u0395\\u03c0\\u03b9\\u03ba\\u03bf\\u03b9\\u03bd\\u03c9\\u03bd\\u03ae\\u03c3\\u03c4\\u03b5 \\u03bc\\u03b1\\u03b6\\u03af \\u03bc\\u03b1\\u03c2[:] - Armonia Apartments - Ewa, Nikos Christopoulos - Drepano-Plaka, Tolo, Grecja, Greece\",\"isPartOf\":{\"@id\":\"https:\/\/armonia-ewa.com\/#website\"},\"datePublished\":\"2015-11-25T10:15:42+00:00\",\"dateModified\":\"2025-03-03T09:25:13+00:00\",\"description\":\"[:pl]Napisz do nas, aby pozna\\u0107 ofert\\u0119 tanich, wygodnych i luksusowych apartament\\u00f3w w Grecji oraz najbli\\u017cszej okolicy Drepano-Plaka, Peloponez, Korynt, Mykeny, Ateny.[:en]Write to us and get offer cheap, comfortable and luxurious apartments in Greece and near places as Drepano-Plaka, Peloponnese, Corinth, Mycenae, Athens.[:el]\\u0393\\u03c1\\u03ac\\u03c8\\u03b5 \\u03c3\\u03b5 \\u03bc\\u03b1\\u03c2 \\u03ba\\u03b1\\u03b9 \\u03bd\\u03b1 \\u03c3\\u03b1\\u03c2 \\u03c0\\u03c1\\u03bf\\u03c3\\u03c6\\u03ad\\u03c1\\u03bf\\u03c5\\u03bc\\u03b5 \\u03c6\\u03b8\\u03b7\\u03bd\\u03ac, \\u03ac\\u03bd\\u03b5\\u03c4\\u03b1 \\u03ba\\u03b1\\u03b9 \\u03c0\\u03bf\\u03bb\\u03c5\\u03c4\\u03b5\\u03bb\\u03ae \\u03b4\\u03b9\\u03b1\\u03bc\\u03b5\\u03c1\\u03af\\u03c3\\u03bc\\u03b1\\u03c4\\u03b1 \\u03c3\\u03c4\\u03b7\\u03bd \\u0395\\u03bb\\u03bb\\u03ac\\u03b4\\u03b1 \\u03ba\\u03b1\\u03b9 \\u03c3\\u03b5 \\u03ba\\u03bf\\u03bd\\u03c4\\u03b9\\u03bd\\u03ac \\u03bc\\u03ad\\u03c1\\u03b7 \\u03cc\\u03c0\\u03c9\\u03c2 \\u03c4\\u03bf \\u0394\\u03c1\\u03ad\\u03c0\\u03b1\\u03bd\\u03bf-\\u03a0\\u03bb\\u03ac\\u03ba\\u03b1, \\u03a0\\u03b5\\u03bb\\u03bf\\u03c0\\u03cc\\u03bd\\u03bd\\u03b7\\u03c3\\u03bf\\u03c2, \\u039a\\u03cc\\u03c1\\u03b9\\u03bd\\u03b8\\u03bf\\u03c2, \\u039c\\u03c5\\u03ba\\u03ae\\u03bd\\u03b5\\u03c2, \\u0391\\u03b8\\u03ae\\u03bd\\u03b1[:]\",\"breadcrumb\":{\"@id\":\"https:\/\/armonia-ewa.com\/contact\/#breadcrumb\"},\"inLanguage\":\"pl-PL\",\"potentialAction\":[{\"@type\":\"ReadAction\",\"target\":[\"https:\/\/armonia-ewa.com\/contact\/\"]}]},{\"@type\":\"BreadcrumbList\",\"@id\":\"https:\/\/armonia-ewa.com\/contact\/#breadcrumb\",\"itemListElement\":[{\"@type\":\"ListItem\",\"position\":1,\"name\":\"Strona g\\u0142\\u00f3wna\",\"item\":\"https:\/\/armonia-ewa.com\/\"},{\"@type\":\"ListItem\",\"position\":2,\"name\":\"Contact with us\"}]}]}<\/script>\n<!-- \/ Yoast SEO plugin. -->","yoast_head_json":{"title":"[:pl]Skontaktuj si\u0119 z nami[:en]Contact with us[:el]\u0395\u03c0\u03b9\u03ba\u03bf\u03b9\u03bd\u03c9\u03bd\u03ae\u03c3\u03c4\u03b5 \u03bc\u03b1\u03b6\u03af \u03bc\u03b1\u03c2[:] - Armonia Apartments - Ewa, Nikos Christopoulos - Drepano-Plaka, Tolo, Grecja, Greece","description":"[:pl]Napisz do nas, aby pozna\u0107 ofert\u0119 tanich, wygodnych i luksusowych apartament\u00f3w w Grecji oraz najbli\u017cszej okolicy Drepano-Plaka, Peloponez, Korynt, Mykeny, Ateny.[:en]Write to us and get offer cheap, comfortable and luxurious apartments in Greece and near places as Drepano-Plaka, Peloponnese, Corinth, Mycenae, Athens.[:el]\u0393\u03c1\u03ac\u03c8\u03b5 \u03c3\u03b5 \u03bc\u03b1\u03c2 \u03ba\u03b1\u03b9 \u03bd\u03b1 \u03c3\u03b1\u03c2 \u03c0\u03c1\u03bf\u03c3\u03c6\u03ad\u03c1\u03bf\u03c5\u03bc\u03b5 \u03c6\u03b8\u03b7\u03bd\u03ac, \u03ac\u03bd\u03b5\u03c4\u03b1 \u03ba\u03b1\u03b9 \u03c0\u03bf\u03bb\u03c5\u03c4\u03b5\u03bb\u03ae \u03b4\u03b9\u03b1\u03bc\u03b5\u03c1\u03af\u03c3\u03bc\u03b1\u03c4\u03b1 \u03c3\u03c4\u03b7\u03bd \u0395\u03bb\u03bb\u03ac\u03b4\u03b1 \u03ba\u03b1\u03b9 \u03c3\u03b5 \u03ba\u03bf\u03bd\u03c4\u03b9\u03bd\u03ac \u03bc\u03ad\u03c1\u03b7 \u03cc\u03c0\u03c9\u03c2 \u03c4\u03bf \u0394\u03c1\u03ad\u03c0\u03b1\u03bd\u03bf-\u03a0\u03bb\u03ac\u03ba\u03b1, \u03a0\u03b5\u03bb\u03bf\u03c0\u03cc\u03bd\u03bd\u03b7\u03c3\u03bf\u03c2, \u039a\u03cc\u03c1\u03b9\u03bd\u03b8\u03bf\u03c2, \u039c\u03c5\u03ba\u03ae\u03bd\u03b5\u03c2, \u0391\u03b8\u03ae\u03bd\u03b1[:]","robots":{"index":"index","follow":"follow","max-snippet":"max-snippet:-1","max-image-preview":"max-image-preview:large","max-video-preview":"max-video-preview:-1"},"canonical":"https:\/\/armonia-ewa.com\/contact\/","og_locale":"pl_PL","og_type":"article","og_title":"[:pl]Skontaktuj si\u0119 z nami[:en]Contact with us[:el]\u0395\u03c0\u03b9\u03ba\u03bf\u03b9\u03bd\u03c9\u03bd\u03ae\u03c3\u03c4\u03b5 \u03bc\u03b1\u03b6\u03af \u03bc\u03b1\u03c2[:] - Armonia Apartments - Ewa, Nikos Christopoulos - Drepano-Plaka, Tolo, Grecja, Greece","og_description":"[:pl]Napisz do nas, aby pozna\u0107 ofert\u0119 tanich, wygodnych i luksusowych apartament\u00f3w w Grecji oraz najbli\u017cszej okolicy Drepano-Plaka, Peloponez, Korynt, Mykeny, Ateny.[:en]Write to us and get offer cheap, comfortable and luxurious apartments in Greece and near places as Drepano-Plaka, Peloponnese, Corinth, Mycenae, Athens.[:el]\u0393\u03c1\u03ac\u03c8\u03b5 \u03c3\u03b5 \u03bc\u03b1\u03c2 \u03ba\u03b1\u03b9 \u03bd\u03b1 \u03c3\u03b1\u03c2 \u03c0\u03c1\u03bf\u03c3\u03c6\u03ad\u03c1\u03bf\u03c5\u03bc\u03b5 \u03c6\u03b8\u03b7\u03bd\u03ac, \u03ac\u03bd\u03b5\u03c4\u03b1 \u03ba\u03b1\u03b9 \u03c0\u03bf\u03bb\u03c5\u03c4\u03b5\u03bb\u03ae \u03b4\u03b9\u03b1\u03bc\u03b5\u03c1\u03af\u03c3\u03bc\u03b1\u03c4\u03b1 \u03c3\u03c4\u03b7\u03bd \u0395\u03bb\u03bb\u03ac\u03b4\u03b1 \u03ba\u03b1\u03b9 \u03c3\u03b5 \u03ba\u03bf\u03bd\u03c4\u03b9\u03bd\u03ac \u03bc\u03ad\u03c1\u03b7 \u03cc\u03c0\u03c9\u03c2 \u03c4\u03bf \u0394\u03c1\u03ad\u03c0\u03b1\u03bd\u03bf-\u03a0\u03bb\u03ac\u03ba\u03b1, \u03a0\u03b5\u03bb\u03bf\u03c0\u03cc\u03bd\u03bd\u03b7\u03c3\u03bf\u03c2, \u039a\u03cc\u03c1\u03b9\u03bd\u03b8\u03bf\u03c2, \u039c\u03c5\u03ba\u03ae\u03bd\u03b5\u03c2, \u0391\u03b8\u03ae\u03bd\u03b1[:]","og_url":"https:\/\/armonia-ewa.com\/contact\/","og_site_name":"Armonia Apartments - Ewa, Nikos Christopoulos - Drepano-Plaka, Tolo, Grecja, Greece","article_modified_time":"2025-03-03T09:25:13+00:00","twitter_card":"summary_large_image","schema":{"@context":"https:\/\/schema.org","@graph":[{"@type":"WebSite","@id":"https:\/\/armonia-ewa.com\/#website","url":"https:\/\/armonia-ewa.com\/","name":"Armonia Apartments - Ewa, Nikos Christopoulos - Drepano-Plaka, Tolo, Grecja, Greece","description":"Kolejna witryna oparta na WordPressie","potentialAction":[{"@type":"SearchAction","target":{"@type":"EntryPoint","urlTemplate":"https:\/\/armonia-ewa.com\/?s={search_term_string}"},"query-input":"required name=search_term_string"}],"inLanguage":"pl-PL"},{"@type":"WebPage","@id":"https:\/\/armonia-ewa.com\/contact\/#webpage","url":"https:\/\/armonia-ewa.com\/contact\/","name":"[:pl]Skontaktuj si\u0119 z nami[:en]Contact with us[:el]\u0395\u03c0\u03b9\u03ba\u03bf\u03b9\u03bd\u03c9\u03bd\u03ae\u03c3\u03c4\u03b5 \u03bc\u03b1\u03b6\u03af \u03bc\u03b1\u03c2[:] - Armonia Apartments - Ewa, Nikos Christopoulos - Drepano-Plaka, Tolo, Grecja, Greece","isPartOf":{"@id":"https:\/\/armonia-ewa.com\/#website"},"datePublished":"2015-11-25T10:15:42+00:00","dateModified":"2025-03-03T09:25:13+00:00","description":"[:pl]Napisz do nas, aby pozna\u0107 ofert\u0119 tanich, wygodnych i luksusowych apartament\u00f3w w Grecji oraz najbli\u017cszej okolicy Drepano-Plaka, Peloponez, Korynt, Mykeny, Ateny.[:en]Write to us and get offer cheap, comfortable and luxurious apartments in Greece and near places as Drepano-Plaka, Peloponnese, Corinth, Mycenae, Athens.[:el]\u0393\u03c1\u03ac\u03c8\u03b5 \u03c3\u03b5 \u03bc\u03b1\u03c2 \u03ba\u03b1\u03b9 \u03bd\u03b1 \u03c3\u03b1\u03c2 \u03c0\u03c1\u03bf\u03c3\u03c6\u03ad\u03c1\u03bf\u03c5\u03bc\u03b5 \u03c6\u03b8\u03b7\u03bd\u03ac, \u03ac\u03bd\u03b5\u03c4\u03b1 \u03ba\u03b1\u03b9 \u03c0\u03bf\u03bb\u03c5\u03c4\u03b5\u03bb\u03ae \u03b4\u03b9\u03b1\u03bc\u03b5\u03c1\u03af\u03c3\u03bc\u03b1\u03c4\u03b1 \u03c3\u03c4\u03b7\u03bd \u0395\u03bb\u03bb\u03ac\u03b4\u03b1 \u03ba\u03b1\u03b9 \u03c3\u03b5 \u03ba\u03bf\u03bd\u03c4\u03b9\u03bd\u03ac \u03bc\u03ad\u03c1\u03b7 \u03cc\u03c0\u03c9\u03c2 \u03c4\u03bf \u0394\u03c1\u03ad\u03c0\u03b1\u03bd\u03bf-\u03a0\u03bb\u03ac\u03ba\u03b1, \u03a0\u03b5\u03bb\u03bf\u03c0\u03cc\u03bd\u03bd\u03b7\u03c3\u03bf\u03c2, \u039a\u03cc\u03c1\u03b9\u03bd\u03b8\u03bf\u03c2, \u039c\u03c5\u03ba\u03ae\u03bd\u03b5\u03c2, \u0391\u03b8\u03ae\u03bd\u03b1[:]","breadcrumb":{"@id":"https:\/\/armonia-ewa.com\/contact\/#breadcrumb"},"inLanguage":"pl-PL","potentialAction":[{"@type":"ReadAction","target":["https:\/\/armonia-ewa.com\/contact\/"]}]},{"@type":"BreadcrumbList","@id":"https:\/\/armonia-ewa.com\/contact\/#breadcrumb","itemListElement":[{"@type":"ListItem","position":1,"name":"Strona g\u0142\u00f3wna","item":"https:\/\/armonia-ewa.com\/"},{"@type":"ListItem","position":2,"name":"Contact with us"}]}]}},"_links":{"self":[{"href":"https:\/\/armonia-ewa.com\/pl\/wp-json\/wp\/v2\/pages\/28"}],"collection":[{"href":"https:\/\/armonia-ewa.com\/pl\/wp-json\/wp\/v2\/pages"}],"about":[{"href":"https:\/\/armonia-ewa.com\/pl\/wp-json\/wp\/v2\/types\/page"}],"author":[{"embeddable":true,"href":"https:\/\/armonia-ewa.com\/pl\/wp-json\/wp\/v2\/users\/1"}],"replies":[{"embeddable":true,"href":"https:\/\/armonia-ewa.com\/pl\/wp-json\/wp\/v2\/comments?post=28"}],"version-history":[{"count":2,"href":"https:\/\/armonia-ewa.com\/pl\/wp-json\/wp\/v2\/pages\/28\/revisions"}],"predecessor-version":[{"id":245,"href":"https:\/\/armonia-ewa.com\/pl\/wp-json\/wp\/v2\/pages\/28\/revisions\/245"}],"wp:attachment":[{"href":"https:\/\/armonia-ewa.com\/pl\/wp-json\/wp\/v2\/media?parent=28"}],"curies":[{"name":"wp","href":"https:\/\/api.w.org\/{rel}","templated":true}]}}